{"id":14,"date":"2016-12-26T04:30:40","date_gmt":"2016-12-26T03:30:40","guid":{"rendered":"https:\/\/tbio.stuvus.uni-stuttgart.de\/?page_id=14"},"modified":"2019-02-18T16:16:32","modified_gmt":"2019-02-18T15:16:32","slug":"auslandsfruehstudium","status":"publish","type":"page","link":"https:\/\/tbio.stuvus.uni-stuttgart.de\/index.php\/auslandsfruehstudium","title":{"rendered":"Studienanf\u00e4nger\/Quereinsteiger\/Auslandsstudierende"},"content":{"rendered":"<div class=\"csc-header csc-header-n1\">\n<h1 class=\"csc-firstHeader\">Interquer AG<\/h1>\n<\/div>\n<h2><strong>Studentische Beratung f\u00fcr Technische Biologen<\/strong><\/h2>\n<p><strong>\u00a0<\/strong><\/p>\n<h3><strong><sup>F<\/sup><\/strong><strong><sup>\u00fc<\/sup><\/strong><strong><sup>r wen sind wir da?<\/sup><\/strong><\/h3>\n<p><strong>Wir sind Interquer<\/strong>: Wir richten uns an Quereinsteiger\/innen, ausl\u00e4ndische Studierende\/innen, Fr\u00fchstudierende\/innen aber auch an alle Neuanf\u00e4nger\/innen ob Bachelor oder speziell auch Master. Habt ihr Fragen rund um den Studienalltag\/Studienorganisation etc. helfen wir euch gerne weiter.<\/p>\n<p><strong>Schreibt uns einfach <\/strong>eine Mail mit eurer Frage und wir schauen, dass wir schnellsm\u00f6glich eine L\u00f6sung finden bzw. sind auch bereit uns f\u00fcr Fragen mal zu treffen.<\/p>\n<h3><strong><sup>Was bieten wir an?<\/sup><\/strong><\/h3>\n<p>Habt ihr Probleme beim Studieneinstieg, seit neu an der Uni oder habt anfangs Probleme mit den vielen Uni-Portalen wie <strong>C@mpus, ILIAS und Co. <\/strong>oder der Stundenplanzusammenstellung? Dann k\u00f6nnt ihr gerne mit euren Fragen zu uns kommen:<\/p>\n<ul>\n<li>\u201eWelche Pr\u00fcfungen muss ich ablegen und welche Leistungen werden mir angerechnet?\u201c<\/li>\n<li>\u201eWo befinden sich die Institute auf dem Campus?\u201c<\/li>\n<li>\u201eWie funktioniert die Pr\u00fcfungsanmeldung?\u201c<\/li>\n<\/ul>\n<p>Wir <strong>unterst<\/strong><strong>\u00fc<\/strong><strong>tzen<\/strong> dich beim Start an der Uni Stuttgart, helfen dir bei der ersten Kontaktkn\u00fcpfung mit anderen Technischen Biologen und sind bei der Kl\u00e4rung jeglicher Fragen und Unsicherheiten f\u00fcr dich da!<\/p>\n<h2><strong><sup>Kontakt<\/sup><\/strong><\/h2>\n<p>Schreib uns einfach eine E-Mail an<\/p>\n<p>&#x69;&#x6e;&#x74;&#x65;&#x72;&#113;&#117;&#101;&#114;ag&#64;&#x6c;&#x69;&#x73;&#x74;&#x73;&#x2e;&#102;&#97;&#118;eve&#x2e;&#x75;&#x6e;&#x69;&#x2d;&#x73;&#116;&#117;&#116;&#116;gar&#x74;&#x2e;&#x64;&#x65;<\/p>\n<p>und wir vereinbaren gemeinsam einen Termin zur Beratung oder geben dir per E-Mail Antworten auf deine Fragen.<\/p>\n<p><strong>Wir freuen uns auf dich!<\/strong><\/p>\n","protected":false},"excerpt":{"rendered":"<p>Interquer AG Studentische Beratung f\u00fcr Technische Biologen \u00a0 F\u00fcr wen sind wir da? Wir sind Interquer: Wir richten uns an Quereinsteiger\/innen, ausl\u00e4ndische Studierende\/innen, Fr\u00fchstudierende\/innen aber auch an alle Neuanf\u00e4nger\/innen ob &hellip; <\/p>\n<p class=\"link-more\"><a href=\"https:\/\/tbio.stuvus.uni-stuttgart.de\/index.php\/auslandsfruehstudium\" class=\"more-link\"><span class=\"screen-reader-text\">\u201eStudienanf\u00e4nger\/Quereinsteiger\/Auslandsstudierende\u201c <\/span>weiterlesen<\/a><\/p>\n","protected":false},"author":1,"featured_media":0,"parent":0,"menu_order":2,"comment_status":"closed","ping_status":"closed","template":"","meta":{"footnotes":""},"class_list":["post-14","page","type-page","status-publish","hentry"],"_links":{"self":[{"href":"https:\/\/tbio.stuvus.uni-stuttgart.de\/index.php\/wp-json\/wp\/v2\/pages\/14","targetHints":{"allow":["GET"]}}],"collection":[{"href":"https:\/\/tbio.stuvus.uni-stuttgart.de\/index.php\/wp-json\/wp\/v2\/pages"}],"about":[{"href":"https:\/\/tbio.stuvus.uni-stuttgart.de\/index.php\/wp-json\/wp\/v2\/types\/page"}],"author":[{"embeddable":true,"href":"https:\/\/tbio.stuvus.uni-stuttgart.de\/index.php\/wp-json\/wp\/v2\/users\/1"}],"replies":[{"embeddable":true,"href":"https:\/\/tbio.stuvus.uni-stuttgart.de\/index.php\/wp-json\/wp\/v2\/comments?post=14"}],"version-history":[{"count":4,"href":"https:\/\/tbio.stuvus.uni-stuttgart.de\/index.php\/wp-json\/wp\/v2\/pages\/14\/revisions"}],"predecessor-version":[{"id":433,"href":"https:\/\/tbio.stuvus.uni-stuttgart.de\/index.php\/wp-json\/wp\/v2\/pages\/14\/revisions\/433"}],"wp:attachment":[{"href":"https:\/\/tbio.stuvus.uni-stuttgart.de\/index.php\/wp-json\/wp\/v2\/media?parent=14"}],"curies":[{"name":"wp","href":"https:\/\/api.w.org\/{rel}","templated":true}]}}