{"id":17,"date":"2016-12-26T04:58:41","date_gmt":"2016-12-26T03:58:41","guid":{"rendered":"https:\/\/tbio.stuvus.uni-stuttgart.de\/?page_id=17"},"modified":"2016-12-26T05:07:18","modified_gmt":"2016-12-26T04:07:18","slug":"fachgruppe","status":"publish","type":"page","link":"https:\/\/tbio.stuvus.uni-stuttgart.de\/index.php\/fachgruppe","title":{"rendered":"Fachgruppe"},"content":{"rendered":"<div id=\"c123\" class=\"csc-default csc-space-before-25\">\n<div class=\"csc-header csc-header-n1\">\n<h1 class=\"csc-firstHeader\">Ziele und Aufgaben<\/h1>\n<\/div>\n<p class=\"bodytext\">Eine wichtige Aufgabe der Fachgruppe ist die Funktion als Kommunikationsschnittstelle zwischen den Semestern. Dazu geh\u00f6rt unter anderem die Organisation von Erstsemestereinf\u00fchrungen und -tutorien, die Bereitstellung von Pr\u00fcfungsprotokollen und das Erstellen und Aktualisieren eines Studienf\u00fchrers.<\/p>\n<p class=\"bodytext\">Informationsveranstaltungen zu Auslandsstudium, Studienf\u00f6rderm\u00f6glichkeiten (Stipendien) und f\u00fcr die Organisation des Hauptstudiums geh\u00f6ren ebenfalls zum Programm.<\/p>\n<p class=\"bodytext\">Au\u00dferdem organisiert die Fachgruppe verschiedene gesellschaftliche Veranstaltungen (in Studentenkreisen auch kurz &#8222;Partys&#8220; genannt). Das Highlight ist dabei das gro\u00dfe Biologen-Sommerfest &#8222;Biohazard&#8220;. Die aktuellen Ereignisse werden regelm\u00e4\u00dfig in den Fachgruppensitzungen (meistens bei Keksen und Getr\u00e4nken) diskutiert. Hierzu sind nat\u00fcrlich alle Technische Bio-StudentInnen eingeladen!<\/p>\n<p class=\"bodytext\">Aber die Fachgruppe stellt auch ein sehr wichtiges Bindeglied zu h\u00f6heren Gremien in der Universit\u00e4t dar. In einer Vollversammlung aller Studierenden des Fachs werden j\u00e4hrlich die studentischen Vertreter f\u00fcr die fachbezogenen Gremien gew\u00e4hlt bzw. zur Wahl vorgeschlagen. Wichtige Aussch\u00fcsse sind der Fakult\u00e4tsrat, die Studienkommission und die Pr\u00fcfungskommission. Hier haben die Studenten die M\u00f6glichkeit Einfluss auf studienbezogene Entscheidungen zu nehmen. Dem Fakult\u00e4tsrat steht der Dekan vor. Mitglieder sind die Professoren der Institute, Vertreter des akademischen Mittelbaus und drei studentische Vertreter. Letztere werden in der Fachgruppen-Vollversamlung vorgeschlagen. Die eigentliche Wahl findet im Rahmen der offiziellen Universit\u00e4tswahlen statt, in denen noch die Mitglieder andere Gremien, wie beispielsweise dem Senat bestimmt werden.<\/p>\n<\/div>\n<div id=\"c122\" class=\"csc-default csc-space-before-25\">\n<div class=\"csc-header csc-header-n2\">\n<h1>Die Fachgruppe<\/h1>\n<\/div>\n<p class=\"bodytext\">Bei der Fachgruppe Technische Biologie kann jeder mitmachen, der sich \u00fcber das &#8222;normale&#8220; Studium hinaus, f\u00fcr die Belange der Studenten interessiert und einsetzen m\u00f6chte. Unsere Fachgruppe ist das gemeinsame Organ der Technischen BiologInnen aller Semester in studentischer Selbstverwaltung.<\/p>\n<\/div>\n","protected":false},"excerpt":{"rendered":"<p>Ziele und Aufgaben Eine wichtige Aufgabe der Fachgruppe ist die Funktion als Kommunikationsschnittstelle zwischen den Semestern. Dazu geh\u00f6rt unter anderem die Organisation von Erstsemestereinf\u00fchrungen und -tutorien, die Bereitstellung von Pr\u00fcfungsprotokollen &hellip; <\/p>\n<p class=\"link-more\"><a href=\"https:\/\/tbio.stuvus.uni-stuttgart.de\/index.php\/fachgruppe\" class=\"more-link\"><span class=\"screen-reader-text\">\u201eFachgruppe\u201c <\/span>weiterlesen<\/a><\/p>\n","protected":false},"author":1,"featured_media":0,"parent":0,"menu_order":3,"comment_status":"closed","ping_status":"closed","template":"","meta":{"footnotes":""},"class_list":["post-17","page","type-page","status-publish","hentry"],"_links":{"self":[{"href":"https:\/\/tbio.stuvus.uni-stuttgart.de\/index.php\/wp-json\/wp\/v2\/pages\/17","targetHints":{"allow":["GET"]}}],"collection":[{"href":"https:\/\/tbio.stuvus.uni-stuttgart.de\/index.php\/wp-json\/wp\/v2\/pages"}],"about":[{"href":"https:\/\/tbio.stuvus.uni-stuttgart.de\/index.php\/wp-json\/wp\/v2\/types\/page"}],"author":[{"embeddable":true,"href":"https:\/\/tbio.stuvus.uni-stuttgart.de\/index.php\/wp-json\/wp\/v2\/users\/1"}],"replies":[{"embeddable":true,"href":"https:\/\/tbio.stuvus.uni-stuttgart.de\/index.php\/wp-json\/wp\/v2\/comments?post=17"}],"version-history":[{"count":1,"href":"https:\/\/tbio.stuvus.uni-stuttgart.de\/index.php\/wp-json\/wp\/v2\/pages\/17\/revisions"}],"predecessor-version":[{"id":18,"href":"https:\/\/tbio.stuvus.uni-stuttgart.de\/index.php\/wp-json\/wp\/v2\/pages\/17\/revisions\/18"}],"wp:attachment":[{"href":"https:\/\/tbio.stuvus.uni-stuttgart.de\/index.php\/wp-json\/wp\/v2\/media?parent=17"}],"curies":[{"name":"wp","href":"https:\/\/api.w.org\/{rel}","templated":true}]}}