{"id":50,"date":"2016-12-26T05:14:14","date_gmt":"2016-12-26T04:14:14","guid":{"rendered":"https:\/\/tbio.stuvus.uni-stuttgart.de\/?page_id=50"},"modified":"2019-10-31T17:22:53","modified_gmt":"2019-10-31T16:22:53","slug":"biohazard","status":"publish","type":"page","link":"https:\/\/tbio.stuvus.uni-stuttgart.de\/index.php\/biohazard","title":{"rendered":"Biohazard"},"content":{"rendered":"<p>[:de]<\/p>\n<div id=\"pl-50\" class=\"panel-layout\">\n<div id=\"pg-50-0\" class=\"panel-grid panel-no-style\">\n<div id=\"pgc-50-0-0\" class=\"panel-grid-cell\" data-weight=\"1\">\n<div id=\"panel-50-0-0-0\" class=\"so-panel widget widget_sow-editor panel-first-child panel-last-child\" data-index=\"0\" data-style=\"{&quot;background&quot;:&quot;#ffffff&quot;,&quot;background_image_attachment&quot;:false,&quot;background_image_attachment_fallback&quot;:false,&quot;background_display&quot;:&quot;tile&quot;}\">\n<div class=\"panel-widget-style panel-widget-style-for-50-0-0-0\">\n<div class=\"so-widget-sow-editor so-widget-sow-editor-base\">\n<div class=\"siteorigin-widget-tinymce textwidget\">\n<p>[wpdevart_countdown text_for_day=&#8220;Tage&#8220; text_for_hour=&#8220;Std.&#8220; text_for_minut=&#8220;Min.&#8220; text_for_second=&#8220;Sek.&#8220; countdown_end_type=&#8220;time&#8220; end_date=&#8220;06-05-2018 23:59&#8243; start_time=&#8220;1525620504&#8243; end_time=&#8220;73,23,28&#8243; action_end_time=&#8220;show_text&#8220; content_position=&#8220;center&#8220; top_ditance=&#8220;10&#8243; bottom_distance=&#8220;10&#8243; ]Let&#8217;s get this party started![\/wpdevart_countdown]<\/p>\n<p>Die Biohazard ist die campusweit ber\u00fchmte Biologen-Party und traditionell ein Event, zu dem auch Alumni immer wieder gerne anreisen.<br \/>\nEs wird jedes Jahr am letzten Donnerstag vor der vorlesungsfreien Zeit auf dem Gel\u00e4nde des Zentrums f\u00fcr Bioverfahrenstechnik im Allmandring 31 durchgef\u00fchrt. Die Biohazard wird von der Fachgruppe Technischen Biologie organisiert und vom Verein TeBioS e.V. finanziert und offiziell veranstaltet.<\/p>\n<p style=\"text-align: left;\"><a href=\"http:\/\/fb.me\/biohazard2018\">\u00a0<\/a><a href=\"http:\/\/fb.me\/biohazard2018\"><img decoding=\"async\" class=\"alignnone wp-image-392 size-full\" src=\"https:\/\/tbio.stuvus.uni-stuttgart.de\/wp-content\/uploads\/2018\/05\/flogo-RGB-HEX-Blk-58-e1525618416979.png\" alt=\"\" width=\"30\" height=\"30\" \/>\u00a0<\/a><a href=\"http:\/\/fb.me\/biohazard2018\">\u00a0<\/a><a href=\"http:\/\/fb.me\/biohazard2018\">F\u00fcr aktuelle News \u00fcber Acts, Sponsoren und Aktionen folge uns auf unsere offiziellen Biohazard 2018 Facebook-Page.<\/a><\/p>\n<div id=\"c377\" class=\"csc-default csc-space-before-25\">\n<p><b>Datum:<\/b> 19.07.2018<br \/>\n<b>Uhrzeit: <\/b>17:00 \u2013 03:00 Uhr<br \/>\n<b>Ort:<\/b><br \/>\nZentrum f\u00fcr Bioverfahrenstechnik (ZBVT)<br \/>\nAllmandring 31<br \/>\n70569 Stuttgart<br \/>\n<iframe src=\"https:\/\/www.google.com\/maps\/embed?pb=%211m14%211m8%211m3%211d2631.093012469413%212d9.09637%213d48.74192%213m2%211i1024%212i768%214f13.1%213m3%211m2%211s0x4799dc403bbcd817%3A0xe8076bd2d5e19d3f%212sAllmandring+31%2C+Universit%C3%A4t+Stuttgart+Vaihingen%2C+70569+Stuttgart%215e0%213m2%211sde%212sde%214v1422381712540\" width=\"400\" height=\"300\" frameborder=\"0\" data-mce-fragment=\"1\"><\/iframe><\/p>\n<p><b>Unterhaltung:<\/b> Ab 17 Uhr mit entspannter Musikuntermalung im Au\u00dfenbereich und ab 22 Uhr beginnt die Partynacht mit DJ im Innenbereich.<br \/>\n<b>Verpflegung:<\/b> Barbecue, Pommes, Waffeln, Bierbar und Cocktailbar im Innen- und Au\u00dfenbereich.<\/p>\n<p><a href=\"https:\/\/www.facebook.com\/biohazard2018\/videos\/1698294286888892\/\">https:\/\/www.facebook.com\/biohazard2018\/videos\/1698294286888892\/<\/a><\/p>\n<div id=\"c378\" class=\"csc-default csc-space-before-25\">\n<div id=\"c378\" class=\"csc-default csc-space-before-25\">\n<p><a href=\"https:\/\/www.facebook.com\/biohazard2018\/videos\/1698294286888892\/\">Biohazard 2018 Teaser<\/a> von Felix Koch auf\u00a0<a href=\"http:\/\/fb.me\/biohazard2018\">Facebook<\/a>.<\/p>\n<\/div>\n<\/div>\n<\/div>\n<div id=\"c217\" class=\"csc-default csc-space-before-25\">\n<div class=\"csc-header csc-header-n4\">\n<h1>F\u00fcr Investoren<\/h1>\n<\/div>\n<\/div>\n<p class=\"bodytext\">Die BIOHAZARD ist die Gelegenheit, mit Ihrer Pr\u00e4senz die Studierenden<br \/>\nverschiedenster Fachrichtungen der Universit\u00e4t Stuttgart, Alumni,<br \/>\nDoktoranten und Professoren direkt anzusprechen. Wir haben zahlreiche<br \/>\nM\u00f6glichkeiten zielgerichtete Werbung f\u00fcr Ihr Unternehmen zu platzieren.<br \/>\nDer m\u00f6gliche Erl\u00f6s der Veranstaltung kommt direkt den Studierenden<br \/>\nder technischen Biologie zugute und ist besonders nach dem Wegfall der<br \/>\nUnterst\u00fctzung durch Studiengeb\u00fchren wichtig.<\/p>\n<p class=\"bodytext\">Erreichen k\u00f6nnen sie uns unter<br \/>\n<i class=\"wp-svg-envelop envelop\"><\/i> <a href=\"mailto: &#111;&#x72;&#103;&#x61;&#46;&#x62;&#105;&#x6f;&#104;&#x61;&#122;&#x61;&#114;&#x64;&#49;&#x38;&#64;&#x67;&#109;&#x61;&#105;&#x6c;&#46;&#x63;&#111;&#x6d;\" target=\"_blank\" rel=\"noopener noreferrer\">Biohazard-Email<\/a><\/p>\n<p class=\"bodytext\">\u00a0\t\t<div id=\"sbi_mod_error\" >\n\t\t\t<span>Diese Fehlermeldung ist nur f\u00fcr WordPress-Administratoren sichtbar<\/span><br\/>\n\t\t\t<p><strong>Fehler: Kein Feed gefunden.<\/strong>\n\t\t\t<p>Bitte geh zur Instagram-Feed-Einstellungsseite, um einen Feed zu erstellen.<\/p>\n\t\t<\/div>\n\t\t<\/p>\n<\/div>\n<\/div>\n<\/div>\n<\/div>\n<\/div>\n<\/div>\n<\/div>\n<p>[:en]<\/p>\n<div id=\"pl-50\" class=\"panel-layout\">\n<div id=\"pg-50-0\" class=\"panel-grid panel-no-style\">\n<div id=\"pgc-50-0-0\" class=\"panel-grid-cell\" data-weight=\"1\">\n<div id=\"panel-50-0-0-0\" class=\"so-panel widget widget_sow-editor panel-first-child panel-last-child\" data-index=\"0\" data-style=\"{&quot;background&quot;:&quot;#ffffff&quot;,&quot;background_image_attachment&quot;:false,&quot;background_image_attachment_fallback&quot;:false,&quot;background_display&quot;:&quot;tile&quot;}\">\n<div class=\"panel-widget-style panel-widget-style-for-50-0-0-0\">\n<div class=\"so-widget-sow-editor so-widget-sow-editor-base\">\n<div class=\"siteorigin-widget-tinymce textwidget\">\n<p>Die Biohazard ist die campusweit ber\u00fchmte Biologen-Party und traditionell ein Event, zu dem auch Alumni immer wieder gerne anreisen.<br \/>\nEs wird jedes Jahr am letzten Donnerstag vor der vorlesungsfreien Zeit auf dem Gel\u00e4nde des Zentrums f\u00fcr Bioverfahrenstechnik im Allmandring 31 durchgef\u00fchrt. Die Biohazard wird von der Fachgruppe Technischen Biologie organisiert und vom Verein TeBioS e.V. finanziert und offiziell veranstaltet.<\/p>\n<p style=\"text-align: left;\"><a href=\"http:\/\/fb.me\/biohazard2018\">\u00a0<\/a><a href=\"http:\/\/fb.me\/biohazard2018\"><img decoding=\"async\" class=\"alignnone wp-image-392 size-full\" src=\"https:\/\/tbio.stuvus.uni-stuttgart.de\/wp-content\/uploads\/2018\/05\/flogo-RGB-HEX-Blk-58-e1525618416979.png\" alt=\"\" width=\"30\" height=\"30\" \/>\u00a0<\/a><a href=\"http:\/\/fb.me\/biohazard2018\">\u00a0<\/a><a href=\"http:\/\/fb.me\/biohazard2018\">F\u00fcr aktuelle News \u00fcber Acts, Sponsoren und Aktionen folge uns auf unsere offiziellen Biohazard 2018 Facebook-Page.<\/a><\/p>\n<div id=\"c377\" class=\"csc-default csc-space-before-25\">\n<p><b>Datum:<\/b> 19.07.2018<br \/>\n<b>Uhrzeit: <\/b>17:00 \u2013 03:00 Uhr<br \/>\n<b>Ort:<\/b><br \/>\nZentrum f\u00fcr Bioverfahrenstechnik (ZBVT)<br \/>\nAllmandring 31<br \/>\n70569 Stuttgart<br \/>\n<iframe src=\"https:\/\/www.google.com\/maps\/embed?pb=%211m14%211m8%211m3%211d2631.093012469413%212d9.09637%213d48.74192%213m2%211i1024%212i768%214f13.1%213m3%211m2%211s0x4799dc403bbcd817%3A0xe8076bd2d5e19d3f%212sAllmandring+31%2C+Universit%C3%A4t+Stuttgart+Vaihingen%2C+70569+Stuttgart%215e0%213m2%211sde%212sde%214v1422381712540\" width=\"400\" height=\"300\" frameborder=\"0\" data-mce-fragment=\"1\"><\/iframe><\/p>\n<p><b>Unterhaltung:<\/b> Ab 17 Uhr mit entspannter Musikuntermalung im Au\u00dfenbereich und ab 22 Uhr beginnt die Partynacht mit DJ im Innenbereich.<br \/>\n<b>Verpflegung:<\/b> Barbecue, Pommes, Waffeln, Bierbar und Cocktailbar im Innen- und Au\u00dfenbereich.<\/p>\n<div id=\"c378\" class=\"csc-default csc-space-before-25\">\n<div id=\"c378\" class=\"csc-default csc-space-before-25\">\n<p>https:\/\/www.facebook.com\/biohazard2018\/videos\/1698294286888892\/<\/p>\n<p><a href=\"https:\/\/www.facebook.com\/biohazard2018\/videos\/1698294286888892\/\">Biohazard 2016 Teaser<\/a> from Felix Koch on <a href=\"http:\/\/fb.me\/biohazard2018\">Facebook.<\/a><\/p>\n<\/div>\n<\/div>\n<\/div>\n<div id=\"c217\" class=\"csc-default csc-space-before-25\">\n<div class=\"csc-header csc-header-n4\">\n<h1>F\u00fcr Investoren<\/h1>\n<\/div>\n<\/div>\n<p class=\"bodytext\">Die BIOHAZARD ist die Gelegenheit, mit Ihrer Pr\u00e4senz die Studierenden<br \/>\nverschiedenster Fachrichtungen der Universit\u00e4t Stuttgart, Alumni,<br \/>\nDoktoranten und Professoren direkt anzusprechen. Wir haben zahlreiche<br \/>\nM\u00f6glichkeiten zielgerichtete Werbung f\u00fcr Ihr Unternehmen zu platzieren.<br \/>\nDer m\u00f6gliche Erl\u00f6s der Veranstaltung kommt direkt den Studierenden<br \/>\nder technischen Biologie zugute und ist besonders nach dem Wegfall der<br \/>\nUnterst\u00fctzung durch Studiengeb\u00fchren wichtig.<\/p>\n<p class=\"bodytext\">Erreichen k\u00f6nnen sie uns unter<br \/>\n<i class=\"wp-svg-envelop envelop\"><\/i> <a href=\"https:\/\/www.uni-stuttgart.de\/cgi-bin\/mail.cgi?biohazard=technische-biologie.de\" target=\"_blank\" rel=\"noopener noreferrer\">Biohazard-Email<\/a><\/p>\n<p class=\"bodytext\">\n<\/div>\n<\/div>\n<\/div>\n<\/div>\n<\/div>\n<\/div>\n<\/div>\n<p>[:]<\/p>\n","protected":false},"excerpt":{"rendered":"<p>[:de] [wpdevart_countdown text_for_day=&#8220;Tage&#8220; text_for_hour=&#8220;Std.&#8220; text_for_minut=&#8220;Min.&#8220; text_for_second=&#8220;Sek.&#8220; countdown_end_type=&#8220;time&#8220; end_date=&#8220;06-05-2018 23:59&#8243; start_time=&#8220;1525620504&#8243; end_time=&#8220;73,23,28&#8243; action_end_time=&#8220;show_text&#8220; content_position=&#8220;center&#8220; top_ditance=&#8220;10&#8243; bottom_distance=&#8220;10&#8243; ]Let&#8217;s get this party started![\/wpdevart_countdown] Die Biohazard ist die campusweit ber\u00fchmte Biologen-Party und traditionell ein &hellip; <\/p>\n<p class=\"link-more\"><a href=\"https:\/\/tbio.stuvus.uni-stuttgart.de\/index.php\/biohazard\" class=\"more-link\"><span class=\"screen-reader-text\">\u201eBiohazard\u201c <\/span>weiterlesen<\/a><\/p>\n","protected":false},"author":1,"featured_media":0,"parent":0,"menu_order":5,"comment_status":"closed","ping_status":"closed","template":"","meta":{"footnotes":""},"class_list":["post-50","page","type-page","status-publish","hentry"],"_links":{"self":[{"href":"https:\/\/tbio.stuvus.uni-stuttgart.de\/index.php\/wp-json\/wp\/v2\/pages\/50","targetHints":{"allow":["GET"]}}],"collection":[{"href":"https:\/\/tbio.stuvus.uni-stuttgart.de\/index.php\/wp-json\/wp\/v2\/pages"}],"about":[{"href":"https:\/\/tbio.stuvus.uni-stuttgart.de\/index.php\/wp-json\/wp\/v2\/types\/page"}],"author":[{"embeddable":true,"href":"https:\/\/tbio.stuvus.uni-stuttgart.de\/index.php\/wp-json\/wp\/v2\/users\/1"}],"replies":[{"embeddable":true,"href":"https:\/\/tbio.stuvus.uni-stuttgart.de\/index.php\/wp-json\/wp\/v2\/comments?post=50"}],"version-history":[{"count":21,"href":"https:\/\/tbio.stuvus.uni-stuttgart.de\/index.php\/wp-json\/wp\/v2\/pages\/50\/revisions"}],"predecessor-version":[{"id":439,"href":"https:\/\/tbio.stuvus.uni-stuttgart.de\/index.php\/wp-json\/wp\/v2\/pages\/50\/revisions\/439"}],"wp:attachment":[{"href":"https:\/\/tbio.stuvus.uni-stuttgart.de\/index.php\/wp-json\/wp\/v2\/media?parent=50"}],"curies":[{"name":"wp","href":"https:\/\/api.w.org\/{rel}","templated":true}]}}